{"id":54,"date":"2025-08-11T11:56:25","date_gmt":"2025-08-11T11:56:25","guid":{"rendered":"https:\/\/www.aamunkoi.com\/?page_id=54"},"modified":"2025-08-11T11:56:26","modified_gmt":"2025-08-11T11:56:26","slug":"yhteystiedot","status":"publish","type":"page","link":"https:\/\/www.aamunkoi.com\/en\/yhteystiedot\/","title":{"rendered":"Contact"},"content":{"rendered":"<div class=\"wp-block-columns is-layout-flex wp-container-core-columns-is-layout-9d6595d7 wp-block-columns-is-layout-flex\">\n<div class=\"wp-block-column is-layout-flow wp-block-column-is-layout-flow\">\n<figure class=\"wp-block-image size-large\"><img loading=\"lazy\" decoding=\"async\" width=\"1024\" height=\"680\" src=\"https:\/\/www.aamunkoi.com\/wp-content\/uploads\/2025\/08\/Raija-ja-Rami-comp-1-1024x680.jpg\" alt=\"\" class=\"wp-image-55\" srcset=\"https:\/\/www.aamunkoi.com\/wp-content\/uploads\/2025\/08\/Raija-ja-Rami-comp-1-1024x680.jpg 1024w, https:\/\/www.aamunkoi.com\/wp-content\/uploads\/2025\/08\/Raija-ja-Rami-comp-1-300x199.jpg 300w, https:\/\/www.aamunkoi.com\/wp-content\/uploads\/2025\/08\/Raija-ja-Rami-comp-1-768x510.jpg 768w, https:\/\/www.aamunkoi.com\/wp-content\/uploads\/2025\/08\/Raija-ja-Rami-comp-1.jpg 1300w\" sizes=\"auto, (max-width: 1024px) 100vw, 1024px\" \/><\/figure>\n<\/div>\n\n\n\n<div class=\"wp-block-column is-layout-flow wp-block-column-is-layout-flow\">\n<p>Welcome to Aamunkoi \u2013 your holiday home in the morning sun of Lake Inari\u2019s Nanguvuono!<br>Our goal is to provide you with a relaxing and carefree holiday in Lapland, surrounded by the beautiful scenery of Lake Inari.<\/p>\n\n\n\n<p>A traditional saying about Lake Inari: 3,000 km of shoreline and 3,000 islands. There\u2019s plenty to explore and ever-changing landscapes to enjoy \u2013 both on the lake and in the surrounding nature \u2013 enough to keep each visit fresh and memorable.<br><br>Feel free to contact us \u2013 and don\u2019t hesitate to share your feedback. We seek to continually improve our service based on the feedback that our valuable clients provide.<\/p>\n\n\n\n<p>Raija +358 50 351 8384<br>Rami +358 40 725 7611<\/p>\n\n\n\n<p>Email: raimo.maensivu[@]gmail.com<\/p>\n<\/div>\n<\/div>","protected":false},"excerpt":{"rendered":"<p>Tervetuloa vieraaksemme Aamunkoi -loma-asuntoon Inarij\u00e4rven Nanguvuonon aamuaurinkoon!Tavoitteemme on tarjota teille nautinnollinen ja huoleton loma Lapissa Inarij\u00e4rven maisemissa. Inarij\u00e4rven perinteinen muistis\u00e4\u00e4nt\u00f6: 3000 km rantaviivaa ja 3000 saarta. Kokemista ja vaihtelevia maisemia&hellip;<\/p>","protected":false},"author":1,"featured_media":0,"parent":0,"menu_order":0,"comment_status":"closed","ping_status":"closed","template":"","meta":{"footnotes":""},"class_list":["post-54","page","type-page","status-publish","hentry"],"_links":{"self":[{"href":"https:\/\/www.aamunkoi.com\/en\/wp-json\/wp\/v2\/pages\/54","targetHints":{"allow":["GET"]}}],"collection":[{"href":"https:\/\/www.aamunkoi.com\/en\/wp-json\/wp\/v2\/pages"}],"about":[{"href":"https:\/\/www.aamunkoi.com\/en\/wp-json\/wp\/v2\/types\/page"}],"author":[{"embeddable":true,"href":"https:\/\/www.aamunkoi.com\/en\/wp-json\/wp\/v2\/users\/1"}],"replies":[{"embeddable":true,"href":"https:\/\/www.aamunkoi.com\/en\/wp-json\/wp\/v2\/comments?post=54"}],"version-history":[{"count":1,"href":"https:\/\/www.aamunkoi.com\/en\/wp-json\/wp\/v2\/pages\/54\/revisions"}],"predecessor-version":[{"id":56,"href":"https:\/\/www.aamunkoi.com\/en\/wp-json\/wp\/v2\/pages\/54\/revisions\/56"}],"wp:attachment":[{"href":"https:\/\/www.aamunkoi.com\/en\/wp-json\/wp\/v2\/media?parent=54"}],"curies":[{"name":"wp","href":"https:\/\/api.w.org\/{rel}","templated":true}]}}