{"id":50,"date":"2025-08-11T11:54:40","date_gmt":"2025-08-11T11:54:40","guid":{"rendered":"https:\/\/www.aamunkoi.com\/?page_id=50"},"modified":"2025-08-13T09:33:07","modified_gmt":"2025-08-13T09:33:07","slug":"luvat","status":"publish","type":"page","link":"https:\/\/www.aamunkoi.com\/en\/luvat\/","title":{"rendered":"Permits"},"content":{"rendered":"<h2 class=\"wp-block-heading\">Fishing Licenses &amp; Regulations<\/h2>\n\n\n\n<p>Ice fishing and worm fishing (simple rod fishing) are part of Finland's everyman's rights and do not require a license.<\/p>\n\n\n\n<p>All other types of fishing do require valid permits.<\/p>\n\n\n\n<h3 class=\"wp-block-heading\">Fisheries Management Fee (Required)<\/h3>\n\n\n\n<div class=\"wp-block-group\"><div class=\"wp-block-group__inner-container is-layout-constrained wp-block-group-is-layout-constrained\">\n<p>Since 1.1.2026 all anglers aged 18\u201369 must pay the Fisheries Management Fee.<\/p>\n\n\n\n<p>Once paid, you may fish with one rod across most of Finland, excluding:<\/p>\n\n\n\n<ul id=\"block-1ef953d7-fa18-4003-975b-3fe193e3439e\" class=\"wp-block-list\">\n<li>The \u00c5land Islands<\/li>\n\n\n\n<li>Rapids and streams in migratory fish waters<\/li>\n\n\n\n<li>Other restricted areas defined by ELY Centres<\/li>\n<\/ul>\n\n\n\n<p><strong>Hinnat:<\/strong><\/p>\n\n\n\n<ul class=\"wp-block-list\">\n<li><strong>47,00 \u20ac \/ year<\/strong><\/li>\n\n\n\n<li><strong>16,00 \u20ac \/ 7 Days<\/strong><\/li>\n\n\n\n<li><strong>6,00 \u20ac \/ Day<\/strong><\/li>\n<\/ul>\n\n\n\n<p>Permits can easily be purchased from: <a href=\"https:\/\/www.eraluvat.fi\/\">er\u00e4luvat webstore<\/a><\/p>\n<\/div><\/div>\n\n\n\n<h3 class=\"wp-block-heading\">Multiple Rods or Lure Fishing<\/h3>\n\n\n\n<div class=\"wp-block-group\"><div class=\"wp-block-group__inner-container is-layout-constrained wp-block-group-is-layout-constrained\">\n<p>Fishing with more than one rod requires: <strong>an area-specific lure fishing license<\/strong>.<\/p>\n\n\n\n<p>In accordance with the fisheries regulations the angler will need to purchase <strong>the area-specific lure fishing license for Lake Inari (area 1580).<\/strong>Permits can be purchased from proper authorities via <a href=\"https:\/\/www.eraluvat.fi\/\">Er\u00e4luvat - webpage<\/a>.<\/p>\n<\/div><\/div>\n\n\n\n<h3 class=\"wp-block-heading\">Trap &amp; Net Fishing<\/h3>\n\n\n\n<div class=\"wp-block-group\"><div class=\"wp-block-group__inner-container is-layout-constrained wp-block-group-is-layout-constrained\">\n<p>Trap or net fishing <strong>requires the landowner\u2019s permission<\/strong>.<\/p>\n\n\n\n<p>During your stay, you can purchase a net license for two nets (with nets included) on Aamunkoi\u2019s private water area for <strong>\u20ac20\/week.<\/strong><br>Permission can be secured from the owners by email at the time of booking.<\/p>\n<\/div><\/div>\n\n\n\n<h3 class=\"wp-block-heading\">Fishing Rules<\/h3>\n\n\n\n<p>Anglers must always follow:<\/p>\n\n\n\n<ul class=\"wp-block-list\">\n<li><strong>National fishing regulations<\/strong><\/li>\n\n\n\n<li><strong>Local Inari region rules<\/strong><\/li>\n\n\n\n<li><strong>Minimum size requirements and closed seasons as per legislation<\/strong><\/li>\n<\/ul>\n\n\n\n<hr class=\"wp-block-separator has-alpha-channel-opacity\"\/>\n\n\n\n<h2 class=\"wp-block-heading\">Hunting Licenses<\/h2>\n\n\n\n<div class=\"wp-block-group\"><div class=\"wp-block-group__inner-container is-layout-constrained wp-block-group-is-layout-constrained\">\n<div class=\"wp-block-group\"><div class=\"wp-block-group__inner-container is-layout-constrained wp-block-group-is-layout-constrained\">\n<p>The nearest state hunting area is the expansive 1612 Tsarmitunturi, covering approx. 140,000 hectares.<\/p>\n<\/div><\/div>\n\n\n\n<div class=\"wp-block-group\"><div class=\"wp-block-group__inner-container is-layout-constrained wp-block-group-is-layout-constrained\">\n<p>For permits or more information please visit: <a href=\"https:\/\/www.eraluvat.fi\/\">eraluvat.fi<\/a><\/p>\n<\/div><\/div>\n<\/div><\/div>\n\n\n\n<h3 class=\"wp-block-heading\">Hunting on Private Land<\/h3>\n\n\n\n<p>Aamunkoi includes about <strong>50 hectares of private land, <\/strong>for which limited hunting, or dog training permission may be granted, <strong>by agreement with the owners<\/strong>.<\/p>\n\n\n\n<hr class=\"wp-block-separator has-alpha-channel-opacity\"\/>\n\n\n\n<h2 class=\"wp-block-heading\">Snowmobile Trails &amp; Permits<\/h2>\n\n\n\n<div class=\"wp-block-group\"><div class=\"wp-block-group__inner-container is-layout-constrained wp-block-group-is-layout-constrained\">\n<div class=\"wp-block-group\"><div class=\"wp-block-group__inner-container is-layout-constrained wp-block-group-is-layout-constrained\">\n<p><strong>Driving on official marked snowmobile trails requires a personal or family trail permit.<\/strong><\/p>\n<\/div><\/div>\n\n\n\n<div class=\"wp-block-group\"><div class=\"wp-block-group__inner-container is-layout-constrained wp-block-group-is-layout-constrained\">\n<p>Permits, maps, and info available at: <a href=\"https:\/\/www.eraluvat.fi\/\">eraluvat.fi<\/a><\/p>\n<\/div><\/div>\n\n\n\n<div class=\"wp-block-group\"><div class=\"wp-block-group__inner-container is-layout-constrained wp-block-group-is-layout-constrained\">\n<p>Snowmobiles can be driven on the ice, outside of maintained trails, <strong>without purchasing a permit.<\/strong><br>On land, outside marked routes or trails:<strong> forbidden without landowner permission.<\/strong>.<br>To operate a snowmobile always requires <strong>at least 15 years of age, and a T-class driving license required for marked trails and routes.<\/strong>.<\/p>\n<\/div><\/div>\n<\/div><\/div>\n\n\n\n<figure class=\"wp-block-image size-large\"><img loading=\"lazy\" decoding=\"async\" width=\"1024\" height=\"682\" src=\"https:\/\/www.aamunkoi.com\/wp-content\/uploads\/2025\/08\/Taimenta1-by-Hannu-Paananen-2019-1024x682.jpg\" alt=\"\" class=\"wp-image-52\" srcset=\"https:\/\/www.aamunkoi.com\/wp-content\/uploads\/2025\/08\/Taimenta1-by-Hannu-Paananen-2019-1024x682.jpg 1024w, https:\/\/www.aamunkoi.com\/wp-content\/uploads\/2025\/08\/Taimenta1-by-Hannu-Paananen-2019-300x200.jpg 300w, https:\/\/www.aamunkoi.com\/wp-content\/uploads\/2025\/08\/Taimenta1-by-Hannu-Paananen-2019-768x512.jpg 768w, https:\/\/www.aamunkoi.com\/wp-content\/uploads\/2025\/08\/Taimenta1-by-Hannu-Paananen-2019-1536x1023.jpg 1536w, https:\/\/www.aamunkoi.com\/wp-content\/uploads\/2025\/08\/Taimenta1-by-Hannu-Paananen-2019.jpg 1600w\" sizes=\"auto, (max-width: 1024px) 100vw, 1024px\" \/><\/figure>\n\n\n\n<p><br><br><\/p>","protected":false},"excerpt":{"rendered":"<p>Kalastusluvat &amp; S\u00e4\u00e4nn\u00f6t Pilkkiminen ja mato-onkiminen kuuluvat jokamiehenoikeuksiin, eiv\u00e4tk\u00e4 vaadi lupia. Kaikki muu kalastus edellytt\u00e4\u00e4 voimassa olevia lupia. Kalastonhoitomaksu (pakollinen) 1.1.2016 voimaan tulleen lain mukaan kaikkien 18\u201369-vuotiaiden kalastajien tulee maksaa&hellip;<\/p>","protected":false},"author":1,"featured_media":51,"parent":0,"menu_order":0,"comment_status":"closed","ping_status":"closed","template":"","meta":{"footnotes":""},"class_list":["post-50","page","type-page","status-publish","has-post-thumbnail","hentry"],"_links":{"self":[{"href":"https:\/\/www.aamunkoi.com\/en\/wp-json\/wp\/v2\/pages\/50","targetHints":{"allow":["GET"]}}],"collection":[{"href":"https:\/\/www.aamunkoi.com\/en\/wp-json\/wp\/v2\/pages"}],"about":[{"href":"https:\/\/www.aamunkoi.com\/en\/wp-json\/wp\/v2\/types\/page"}],"author":[{"embeddable":true,"href":"https:\/\/www.aamunkoi.com\/en\/wp-json\/wp\/v2\/users\/1"}],"replies":[{"embeddable":true,"href":"https:\/\/www.aamunkoi.com\/en\/wp-json\/wp\/v2\/comments?post=50"}],"version-history":[{"count":2,"href":"https:\/\/www.aamunkoi.com\/en\/wp-json\/wp\/v2\/pages\/50\/revisions"}],"predecessor-version":[{"id":89,"href":"https:\/\/www.aamunkoi.com\/en\/wp-json\/wp\/v2\/pages\/50\/revisions\/89"}],"wp:featuredmedia":[{"embeddable":true,"href":"https:\/\/www.aamunkoi.com\/en\/wp-json\/wp\/v2\/media\/51"}],"wp:attachment":[{"href":"https:\/\/www.aamunkoi.com\/en\/wp-json\/wp\/v2\/media?parent=50"}],"curies":[{"name":"wp","href":"https:\/\/api.w.org\/{rel}","templated":true}]}}