{"id":45,"date":"2025-08-11T11:28:48","date_gmt":"2025-08-11T11:28:48","guid":{"rendered":"https:\/\/www.aamunkoi.com\/?page_id=45"},"modified":"2025-08-20T07:25:24","modified_gmt":"2025-08-20T07:25:24","slug":"hinnat-ja-varaukset","status":"publish","type":"page","link":"https:\/\/www.aamunkoi.com\/en\/hinnat-ja-varaukset\/","title":{"rendered":"Reservations"},"content":{"rendered":"<h3 class=\"wp-block-heading\"><strong>Pricing 2025 - 2026<\/strong><\/h3>\n\n\n\n<ul class=\"wp-block-list\">\n<li>Check-in from 16:00, check-out by 12:00<\/li>\n<\/ul>\n\n\n\n<h4 class=\"wp-block-heading\"><strong>Summer Season (June 1 \u2013 October 15)&nbsp;<\/strong>&nbsp;&nbsp; &nbsp;&nbsp;&nbsp; &nbsp;&nbsp;&nbsp;<\/h4>\n\n\n\n<ul class=\"wp-block-list\">\n<li>Minimi 1-3vrk&nbsp; 700,00 lis\u00e4vuorokaudet 210,00<\/li>\n\n\n\n<li>Weekly stay (7 nights): \u20ac1,400.00<\/li>\n\n\n\n<li>From June 8\u2013September 27, 2025 and June 27\u2013September 26, 2026, Saturday-to-Saturday bookings only<\/li>\n\n\n\n<li>Stays longer than 7 nights: price upon request<\/li>\n<\/ul>\n\n\n\n<h4 class=\"wp-block-heading\"><strong>Winter Season (October 16 \u2013 May 31)<\/strong><\/h4>\n\n\n\n<ul class=\"wp-block-list\">\n<li>Minimum stay 1\u20133 nights: \u20ac600.00, extra nights: \u20ac190.00 per night<\/li>\n\n\n\n<li>Weekly stay (7 nights): \u20ac1,200.00<\/li>\n\n\n\n<li>Stays longer than 7 nights: price upon request<\/li>\n<\/ul>\n\n\n\n<h4 class=\"wp-block-heading\"><strong>Holiday Pricing:<\/strong><\/h4>\n\n\n\n<ul class=\"wp-block-list\">\n<li>Christmas, New Year, Epiphany: Minimum 4 nights \u2013 \u20ac790.00<\/li>\n\n\n\n<li>Easter: Minimum 4 nights \u2013 \u20ac790.00<\/li>\n\n\n\n<li>Midsummer Week: \u20ac1,600.00<\/li>\n<\/ul>\n\n\n\n<hr class=\"wp-block-separator has-alpha-channel-opacity\"\/>\n\n\n\n<h4 class=\"wp-block-heading\"><strong>Additional Services:<\/strong><\/h4>\n\n\n\n<ul class=\"wp-block-list\">\n<li>Final cleaning: \u20ac130.00<\/li>\n\n\n\n<li>Bed linens \u20ac18.00 \/ set<\/li>\n\n\n\n<li>Fishing net license for own waters (2 nets + whitefish nets): \u20ac20.00 \/ week<\/li>\n\n\n\n<li>2.3 hp outboard motor for rowing boat: \u20ac50.00 \/ week<\/li>\n\n\n\n<li>Second boat (Buster XS) + 15 hp engine: \u20ac250.00 \/ week<\/li>\n\n\n\n<li>Please note: Additional services must be ordered at least one week before check-in<\/li>\n<\/ul>\n\n\n\n<div class=\"wp-block-buttons is-content-justification-left is-layout-flex wp-container-core-buttons-is-layout-23b93fc6 wp-block-buttons-is-layout-flex\">\n<div class=\"wp-block-button has-custom-width wp-block-button__width-75\"><a class=\"wp-block-button__link has-background has-text-align-center wp-element-button\" href=\"http:\/\/www.aamunkoi.com\/wp-content\/uploads\/2025\/08\/Varausehdot.pdf\" style=\"background-color:#039951\">Rental Terms<\/a><\/div>\n<\/div>\n\n\n\n<hr class=\"wp-block-separator has-alpha-channel-opacity\"\/>\n\n\n\n<div class=\"wp-block-buttons is-content-justification-left is-layout-flex wp-container-core-buttons-is-layout-fdcfc74e wp-block-buttons-is-layout-flex\">\n<div class=\"wp-block-button has-custom-width wp-block-button__width-75\"><a class=\"wp-block-button__link has-background has-text-align-center wp-element-button\" href=\"http:\/\/www.aamunkoi.com\/wp-content\/uploads\/2025\/08\/Varauskalenteri.pdf\" style=\"background-color:#039951\">Availability Calendar<\/a><\/div>\n<\/div>\n\n\n\n<h2 class=\"wp-block-heading\">Boat rentals<\/h2>\n\n\n\n<figure class=\"wp-block-image size-large\"><img loading=\"lazy\" decoding=\"async\" width=\"1024\" height=\"576\" src=\"http:\/\/www.aamunkoi.com\/wp-content\/uploads\/2025\/08\/Buster-XS-1024x576.jpg\" alt=\"\" class=\"wp-image-48\" srcset=\"https:\/\/www.aamunkoi.com\/wp-content\/uploads\/2025\/08\/Buster-XS-1024x576.jpg 1024w, https:\/\/www.aamunkoi.com\/wp-content\/uploads\/2025\/08\/Buster-XS-300x169.jpg 300w, https:\/\/www.aamunkoi.com\/wp-content\/uploads\/2025\/08\/Buster-XS-768x432.jpg 768w, https:\/\/www.aamunkoi.com\/wp-content\/uploads\/2025\/08\/Buster-XS.jpg 1344w\" sizes=\"auto, (max-width: 1024px) 100vw, 1024px\" \/><\/figure>\n\n\n\n<h4 class=\"wp-block-heading\">Enhance your cottage experience with the option to rent an additional boat and motor for fishing or recreational trips during your stay.<\/h4>\n\n\n\n<ul class=\"wp-block-list\">\n<li>Buster XS + Honda 15 hp Outboard Capacity: 4 persons, Honda 15 hp 4-stroke with tiller steering Equipment included: Portable fuel tank, anchor and ropes, life jackets, paddle, rod holders for four fishing rods. The boat is ready and waiting at the shoreline<\/li>\n<\/ul>\n\n\n\n<h4 class=\"wp-block-heading\">M\u00f6kin vuokraan sis\u00e4ltyv\u00e4\u00e4n&nbsp;soutuveneeseen on mahdollisuus vuokrata Honda 2,3hp nelitahtikone.<\/h4>\n\n\n\n<ul class=\"wp-block-list\">\n<li>Buster XS + Honda 15hp Price: \u20ac250.00 \/ week. Honda 2,3hp price: \u20ac50.00 \/ week. Plese note: Fuel not included \u2013 renter supplies their own.<\/li>\n\n\n\n<li>For other boat rental options? Ask our trusted partner:&nbsp;<a href=\"http:\/\/www.arcticagency.fi\/fi\/etusivu\/\" target=\"_blank\" rel=\"noreferrer noopener\">Arctic Agency.<\/a><\/li>\n<\/ul>","protected":false},"excerpt":{"rendered":"<p>Hinnat 2025 \u2013 2026 Kes\u00e4kausi 1.6. \u2013 15.10.&nbsp;&nbsp;&nbsp; &nbsp;&nbsp;&nbsp; &nbsp;&nbsp;&nbsp; Talvikausi 16.10. \u2013 31.5. Juhlapyh\u00e4t: Lis\u00e4palvelut: Venevuokraukset M\u00f6kin vuokrauksen yhteydess\u00e4 on mahdollisuus vuokrata m\u00f6kin vuokrausajalle toinen vene ja moottori kalastukseen&hellip;<\/p>","protected":false},"author":1,"featured_media":33,"parent":0,"menu_order":0,"comment_status":"closed","ping_status":"closed","template":"","meta":{"footnotes":""},"class_list":["post-45","page","type-page","status-publish","has-post-thumbnail","hentry"],"_links":{"self":[{"href":"https:\/\/www.aamunkoi.com\/en\/wp-json\/wp\/v2\/pages\/45","targetHints":{"allow":["GET"]}}],"collection":[{"href":"https:\/\/www.aamunkoi.com\/en\/wp-json\/wp\/v2\/pages"}],"about":[{"href":"https:\/\/www.aamunkoi.com\/en\/wp-json\/wp\/v2\/types\/page"}],"author":[{"embeddable":true,"href":"https:\/\/www.aamunkoi.com\/en\/wp-json\/wp\/v2\/users\/1"}],"replies":[{"embeddable":true,"href":"https:\/\/www.aamunkoi.com\/en\/wp-json\/wp\/v2\/comments?post=45"}],"version-history":[{"count":11,"href":"https:\/\/www.aamunkoi.com\/en\/wp-json\/wp\/v2\/pages\/45\/revisions"}],"predecessor-version":[{"id":99,"href":"https:\/\/www.aamunkoi.com\/en\/wp-json\/wp\/v2\/pages\/45\/revisions\/99"}],"wp:featuredmedia":[{"embeddable":true,"href":"https:\/\/www.aamunkoi.com\/en\/wp-json\/wp\/v2\/media\/33"}],"wp:attachment":[{"href":"https:\/\/www.aamunkoi.com\/en\/wp-json\/wp\/v2\/media?parent=45"}],"curies":[{"name":"wp","href":"https:\/\/api.w.org\/{rel}","templated":true}]}}