{"id":20,"date":"2025-08-11T11:09:02","date_gmt":"2025-08-11T11:09:02","guid":{"rendered":"https:\/\/www.aamunkoi.com\/?page_id=20"},"modified":"2025-08-29T06:24:09","modified_gmt":"2025-08-29T06:24:09","slug":"tilat","status":"publish","type":"page","link":"https:\/\/www.aamunkoi.com\/en\/tilat\/","title":{"rendered":"Accomodations"},"content":{"rendered":"<h3 class=\"wp-block-heading\">Aamunkoi \u2013 Lakeside Elegance in the Heart of Lapland<\/h3>\n\n\n\n<div class=\"wp-block-group\"><div class=\"wp-block-group__inner-container is-layout-constrained wp-block-group-is-layout-constrained\">\n<p>Welcome to Aamunkoi, a beautifully crafted, high-end solid log cabin nestled on the sun-drenched shores of Nanguvuono, Lake Inari. Designed for comfort and tranquility, this stunning year-round retreat blends timeless rustic charm with modern conveniences \u2014 perfect for those seeking luxury amidst Lapland\u2019s untouched wilderness. <\/p>\n\n\n\n<p>The cabin is easily accessible and available for rent year-round. A good road connection ensures access in all seasons, and the cabin is equipped with amenities for both winter frost and summer heat. This makes it an ideal base for summer adventures as well as snowy winter experiences.<\/p>\n\n\n\n<p>The location is perfect for Lake Inari\u2019s trolling enthusiasts and boaters \u2014 and in winter, for snowmobilers.<\/p>\n\n\n\n<p>The cabin is also well suited for berry pickers, mushroom foragers, hikers, and anyone who appreciates the peace of Lapland and the breathtaking scenery of Lake Inari.<\/p>\n\n\n\n<p>Thanks to its easy accessibility, the cabin is a convenient starting point for day trips to other parts of Inari as well.<\/p>\n<\/div><\/div>\n\n\n\n<figure class=\"wp-block-gallery has-nested-images columns-default is-cropped wp-block-gallery-1 is-layout-flex wp-block-gallery-is-layout-flex\">\n<figure class=\"wp-block-image size-large\"><img loading=\"lazy\" decoding=\"async\" width=\"1024\" height=\"683\" data-id=\"31\" src=\"https:\/\/www.aamunkoi.com\/wp-content\/uploads\/2025\/08\/10700_10-1024x683.jpg\" alt=\"\" class=\"wp-image-31\" srcset=\"https:\/\/www.aamunkoi.com\/wp-content\/uploads\/2025\/08\/10700_10-1024x683.jpg 1024w, https:\/\/www.aamunkoi.com\/wp-content\/uploads\/2025\/08\/10700_10-300x200.jpg 300w, https:\/\/www.aamunkoi.com\/wp-content\/uploads\/2025\/08\/10700_10-768x512.jpg 768w, https:\/\/www.aamunkoi.com\/wp-content\/uploads\/2025\/08\/10700_10-1536x1024.jpg 1536w, https:\/\/www.aamunkoi.com\/wp-content\/uploads\/2025\/08\/10700_10-2048x1365.jpg 2048w\" sizes=\"auto, (max-width: 1024px) 100vw, 1024px\" \/><\/figure>\n\n\n\n<figure class=\"wp-block-image size-large\"><img loading=\"lazy\" decoding=\"async\" width=\"1024\" height=\"683\" data-id=\"26\" src=\"https:\/\/www.aamunkoi.com\/wp-content\/uploads\/2025\/08\/10700_17-1024x683.jpg\" alt=\"\" class=\"wp-image-26\" srcset=\"https:\/\/www.aamunkoi.com\/wp-content\/uploads\/2025\/08\/10700_17-1024x683.jpg 1024w, https:\/\/www.aamunkoi.com\/wp-content\/uploads\/2025\/08\/10700_17-300x200.jpg 300w, https:\/\/www.aamunkoi.com\/wp-content\/uploads\/2025\/08\/10700_17-768x512.jpg 768w, https:\/\/www.aamunkoi.com\/wp-content\/uploads\/2025\/08\/10700_17-1536x1024.jpg 1536w, https:\/\/www.aamunkoi.com\/wp-content\/uploads\/2025\/08\/10700_17-2048x1365.jpg 2048w\" sizes=\"auto, (max-width: 1024px) 100vw, 1024px\" \/><\/figure>\n\n\n\n<figure class=\"wp-block-image size-large\"><img loading=\"lazy\" decoding=\"async\" width=\"1024\" height=\"683\" data-id=\"28\" src=\"https:\/\/www.aamunkoi.com\/wp-content\/uploads\/2025\/08\/10700_15-1024x683.jpg\" alt=\"\" class=\"wp-image-28\" srcset=\"https:\/\/www.aamunkoi.com\/wp-content\/uploads\/2025\/08\/10700_15-1024x683.jpg 1024w, https:\/\/www.aamunkoi.com\/wp-content\/uploads\/2025\/08\/10700_15-300x200.jpg 300w, https:\/\/www.aamunkoi.com\/wp-content\/uploads\/2025\/08\/10700_15-768x512.jpg 768w, https:\/\/www.aamunkoi.com\/wp-content\/uploads\/2025\/08\/10700_15-1536x1024.jpg 1536w, https:\/\/www.aamunkoi.com\/wp-content\/uploads\/2025\/08\/10700_15-2048x1365.jpg 2048w\" sizes=\"auto, (max-width: 1024px) 100vw, 1024px\" \/><\/figure>\n\n\n\n<figure class=\"wp-block-image size-large\"><img loading=\"lazy\" decoding=\"async\" width=\"1024\" height=\"683\" data-id=\"27\" src=\"https:\/\/www.aamunkoi.com\/wp-content\/uploads\/2025\/08\/10700_19-1024x683.jpg\" alt=\"\" class=\"wp-image-27\" srcset=\"https:\/\/www.aamunkoi.com\/wp-content\/uploads\/2025\/08\/10700_19-1024x683.jpg 1024w, https:\/\/www.aamunkoi.com\/wp-content\/uploads\/2025\/08\/10700_19-300x200.jpg 300w, https:\/\/www.aamunkoi.com\/wp-content\/uploads\/2025\/08\/10700_19-768x512.jpg 768w, https:\/\/www.aamunkoi.com\/wp-content\/uploads\/2025\/08\/10700_19-1536x1024.jpg 1536w, https:\/\/www.aamunkoi.com\/wp-content\/uploads\/2025\/08\/10700_19-2048x1365.jpg 2048w\" sizes=\"auto, (max-width: 1024px) 100vw, 1024px\" \/><\/figure>\n\n\n\n<figure class=\"wp-block-image size-large\"><img loading=\"lazy\" decoding=\"async\" width=\"768\" height=\"1024\" data-id=\"36\" src=\"https:\/\/www.aamunkoi.com\/wp-content\/uploads\/2025\/08\/1751958473562-768x1024.jpg\" alt=\"\" class=\"wp-image-36\" srcset=\"https:\/\/www.aamunkoi.com\/wp-content\/uploads\/2025\/08\/1751958473562-768x1024.jpg 768w, https:\/\/www.aamunkoi.com\/wp-content\/uploads\/2025\/08\/1751958473562-225x300.jpg 225w, https:\/\/www.aamunkoi.com\/wp-content\/uploads\/2025\/08\/1751958473562-1152x1536.jpg 1152w, https:\/\/www.aamunkoi.com\/wp-content\/uploads\/2025\/08\/1751958473562.jpg 1200w\" sizes=\"auto, (max-width: 768px) 100vw, 768px\" \/><\/figure>\n\n\n\n<figure class=\"wp-block-image size-large\"><img loading=\"lazy\" decoding=\"async\" width=\"768\" height=\"1024\" data-id=\"37\" src=\"https:\/\/www.aamunkoi.com\/wp-content\/uploads\/2025\/08\/1751958473575-768x1024.jpg\" alt=\"\" class=\"wp-image-37\" srcset=\"https:\/\/www.aamunkoi.com\/wp-content\/uploads\/2025\/08\/1751958473575-768x1024.jpg 768w, https:\/\/www.aamunkoi.com\/wp-content\/uploads\/2025\/08\/1751958473575-225x300.jpg 225w, https:\/\/www.aamunkoi.com\/wp-content\/uploads\/2025\/08\/1751958473575-1152x1536.jpg 1152w, https:\/\/www.aamunkoi.com\/wp-content\/uploads\/2025\/08\/1751958473575.jpg 1200w\" sizes=\"auto, (max-width: 768px) 100vw, 768px\" \/><\/figure>\n\n\n\n<figure class=\"wp-block-image size-large\"><img loading=\"lazy\" decoding=\"async\" width=\"1024\" height=\"683\" data-id=\"30\" src=\"https:\/\/www.aamunkoi.com\/wp-content\/uploads\/2025\/08\/10700_11-1024x683.jpg\" alt=\"\" class=\"wp-image-30\" srcset=\"https:\/\/www.aamunkoi.com\/wp-content\/uploads\/2025\/08\/10700_11-1024x683.jpg 1024w, https:\/\/www.aamunkoi.com\/wp-content\/uploads\/2025\/08\/10700_11-300x200.jpg 300w, https:\/\/www.aamunkoi.com\/wp-content\/uploads\/2025\/08\/10700_11-768x512.jpg 768w, https:\/\/www.aamunkoi.com\/wp-content\/uploads\/2025\/08\/10700_11-1536x1024.jpg 1536w, https:\/\/www.aamunkoi.com\/wp-content\/uploads\/2025\/08\/10700_11-2048x1365.jpg 2048w\" sizes=\"auto, (max-width: 1024px) 100vw, 1024px\" \/><\/figure>\n\n\n\n<figure class=\"wp-block-image size-large\"><img loading=\"lazy\" decoding=\"async\" width=\"192\" height=\"128\" data-id=\"32\" src=\"https:\/\/www.aamunkoi.com\/wp-content\/uploads\/2025\/08\/10700_09.jpg\" alt=\"\" class=\"wp-image-32\"\/><\/figure>\n\n\n\n<figure class=\"wp-block-image size-large\"><img loading=\"lazy\" decoding=\"async\" width=\"1024\" height=\"683\" data-id=\"34\" src=\"https:\/\/www.aamunkoi.com\/wp-content\/uploads\/2025\/08\/10700_07-1024x683.jpg\" alt=\"\" class=\"wp-image-34\" srcset=\"https:\/\/www.aamunkoi.com\/wp-content\/uploads\/2025\/08\/10700_07-1024x683.jpg 1024w, https:\/\/www.aamunkoi.com\/wp-content\/uploads\/2025\/08\/10700_07-300x200.jpg 300w, https:\/\/www.aamunkoi.com\/wp-content\/uploads\/2025\/08\/10700_07-768x512.jpg 768w, https:\/\/www.aamunkoi.com\/wp-content\/uploads\/2025\/08\/10700_07-1536x1024.jpg 1536w, https:\/\/www.aamunkoi.com\/wp-content\/uploads\/2025\/08\/10700_07-2048x1365.jpg 2048w\" sizes=\"auto, (max-width: 1024px) 100vw, 1024px\" \/><\/figure>\n\n\n\n<figure class=\"wp-block-image size-large\"><img loading=\"lazy\" decoding=\"async\" width=\"1024\" height=\"683\" data-id=\"35\" src=\"https:\/\/www.aamunkoi.com\/wp-content\/uploads\/2025\/08\/10700_26-1024x683.jpg\" alt=\"\" class=\"wp-image-35\" srcset=\"https:\/\/www.aamunkoi.com\/wp-content\/uploads\/2025\/08\/10700_26-1024x683.jpg 1024w, https:\/\/www.aamunkoi.com\/wp-content\/uploads\/2025\/08\/10700_26-300x200.jpg 300w, https:\/\/www.aamunkoi.com\/wp-content\/uploads\/2025\/08\/10700_26-768x512.jpg 768w, https:\/\/www.aamunkoi.com\/wp-content\/uploads\/2025\/08\/10700_26-1536x1024.jpg 1536w, https:\/\/www.aamunkoi.com\/wp-content\/uploads\/2025\/08\/10700_26-2048x1365.jpg 2048w\" sizes=\"auto, (max-width: 1024px) 100vw, 1024px\" \/><\/figure>\n\n\n\n<figure class=\"wp-block-image size-large\"><img loading=\"lazy\" decoding=\"async\" width=\"1024\" height=\"683\" data-id=\"23\" src=\"https:\/\/www.aamunkoi.com\/wp-content\/uploads\/2025\/08\/10700_04-1024x683.jpg\" alt=\"\" class=\"wp-image-23\" srcset=\"https:\/\/www.aamunkoi.com\/wp-content\/uploads\/2025\/08\/10700_04-1024x683.jpg 1024w, https:\/\/www.aamunkoi.com\/wp-content\/uploads\/2025\/08\/10700_04-300x200.jpg 300w, https:\/\/www.aamunkoi.com\/wp-content\/uploads\/2025\/08\/10700_04-768x512.jpg 768w, https:\/\/www.aamunkoi.com\/wp-content\/uploads\/2025\/08\/10700_04-1536x1024.jpg 1536w, https:\/\/www.aamunkoi.com\/wp-content\/uploads\/2025\/08\/10700_04-2048x1365.jpg 2048w\" sizes=\"auto, (max-width: 1024px) 100vw, 1024px\" \/><\/figure>\n\n\n\n<figure class=\"wp-block-image size-large\"><img loading=\"lazy\" decoding=\"async\" width=\"1024\" height=\"683\" data-id=\"33\" src=\"https:\/\/www.aamunkoi.com\/wp-content\/uploads\/2025\/08\/10700_02-1024x683.jpg\" alt=\"\" class=\"wp-image-33\" srcset=\"https:\/\/www.aamunkoi.com\/wp-content\/uploads\/2025\/08\/10700_02-1024x683.jpg 1024w, https:\/\/www.aamunkoi.com\/wp-content\/uploads\/2025\/08\/10700_02-300x200.jpg 300w, https:\/\/www.aamunkoi.com\/wp-content\/uploads\/2025\/08\/10700_02-768x512.jpg 768w, https:\/\/www.aamunkoi.com\/wp-content\/uploads\/2025\/08\/10700_02-1536x1024.jpg 1536w, https:\/\/www.aamunkoi.com\/wp-content\/uploads\/2025\/08\/10700_02-2048x1365.jpg 2048w\" sizes=\"auto, (max-width: 1024px) 100vw, 1024px\" \/><\/figure>\n\n\n\n<figure class=\"wp-block-image size-large\"><img loading=\"lazy\" decoding=\"async\" width=\"800\" height=\"600\" data-id=\"38\" src=\"https:\/\/www.aamunkoi.com\/wp-content\/uploads\/2025\/08\/Aamunkoi-grillikota-2-comp.jpg\" alt=\"\" class=\"wp-image-38\" srcset=\"https:\/\/www.aamunkoi.com\/wp-content\/uploads\/2025\/08\/Aamunkoi-grillikota-2-comp.jpg 800w, https:\/\/www.aamunkoi.com\/wp-content\/uploads\/2025\/08\/Aamunkoi-grillikota-2-comp-300x225.jpg 300w, https:\/\/www.aamunkoi.com\/wp-content\/uploads\/2025\/08\/Aamunkoi-grillikota-2-comp-768x576.jpg 768w\" sizes=\"auto, (max-width: 800px) 100vw, 800px\" \/><\/figure>\n\n\n\n<figure class=\"wp-block-image size-large\"><img loading=\"lazy\" decoding=\"async\" width=\"768\" height=\"1024\" data-id=\"39\" src=\"https:\/\/www.aamunkoi.com\/wp-content\/uploads\/2025\/08\/Aamunkoi-grillikota-4-768x1024.jpg\" alt=\"\" class=\"wp-image-39\" srcset=\"https:\/\/www.aamunkoi.com\/wp-content\/uploads\/2025\/08\/Aamunkoi-grillikota-4-768x1024.jpg 768w, https:\/\/www.aamunkoi.com\/wp-content\/uploads\/2025\/08\/Aamunkoi-grillikota-4-225x300.jpg 225w, https:\/\/www.aamunkoi.com\/wp-content\/uploads\/2025\/08\/Aamunkoi-grillikota-4-1152x1536.jpg 1152w, https:\/\/www.aamunkoi.com\/wp-content\/uploads\/2025\/08\/Aamunkoi-grillikota-4.jpg 1500w\" sizes=\"auto, (max-width: 768px) 100vw, 768px\" \/><\/figure>\n\n\n\n<figure class=\"wp-block-image size-large\"><img loading=\"lazy\" decoding=\"async\" width=\"1024\" height=\"768\" data-id=\"40\" src=\"https:\/\/www.aamunkoi.com\/wp-content\/uploads\/2025\/08\/Nuotiopaikka-comp-1024x768.jpg\" alt=\"\" class=\"wp-image-40\" srcset=\"https:\/\/www.aamunkoi.com\/wp-content\/uploads\/2025\/08\/Nuotiopaikka-comp-1024x768.jpg 1024w, https:\/\/www.aamunkoi.com\/wp-content\/uploads\/2025\/08\/Nuotiopaikka-comp-300x225.jpg 300w, https:\/\/www.aamunkoi.com\/wp-content\/uploads\/2025\/08\/Nuotiopaikka-comp-768x576.jpg 768w, https:\/\/www.aamunkoi.com\/wp-content\/uploads\/2025\/08\/Nuotiopaikka-comp.jpg 1300w\" sizes=\"auto, (max-width: 1024px) 100vw, 1024px\" \/><\/figure>\n<\/figure>\n\n\n\n<h2 class=\"wp-block-heading\">Enjoy the Comforts of Aamunkoi<\/h2>\n\n\n\n<p>Discover the perfect blend of space, style, and Scandinavian charm in this beautifully appointed holiday cabin.<\/p>\n\n\n\n<h3 class=\"wp-block-heading\">Spacious and Cozy Living<\/h3>\n\n\n\n<ul class=\"wp-block-list\">\n<li>Total area: 108 m\u00b2, including a 15 m\u00b2 loft<\/li>\n\n\n\n<li>Generous 60 m\u00b2 terrace for outdoor relaxation<\/li>\n\n\n\n<li>Living room, fully equipped kitchen, and dining area<\/li>\n\n\n\n<li>Two double bedrooms on the ground floor<\/li>\n<\/ul>\n\n\n\n<h3 class=\"wp-block-heading\">Loft for Extra Guests<\/h3>\n\n\n\n<ul class=\"wp-block-list\">\n<li>Loft alcove with curtain-separated sleeping area for two<\/li>\n\n\n\n<li>Two sofa beds in the open loft space<\/li>\n\n\n\n<li>Additional 2 extra beds + children\u2019s bed<\/li>\n<\/ul>\n\n\n\n<h3 class=\"wp-block-heading\">Fully Equipped Kitchen<\/h3>\n\n\n\n<ul class=\"wp-block-list\">\n<li>Ceramic stove, convection oven, microwave<\/li>\n\n\n\n<li>Fridge, two freezers, dishwasher<\/li>\n\n\n\n<li>Full 8-person tableware set, dining table for 8 + highchair<\/li>\n<\/ul>\n\n\n\n<h3 class=\"wp-block-heading\">Practical Amenities<\/h3>\n\n\n\n<ul class=\"wp-block-list\">\n<li>Washing machine, dryer, electric drying racks<\/li>\n\n\n\n<li>Two TVs, DVD\/CD players, Wi-Fi (3G connection)<\/li>\n\n\n\n<li>Electric heating, fireplace\/baking oven, and air-source heat pump (cooling in summer)<\/li>\n<\/ul>\n\n\n\n<h3 class=\"wp-block-heading\">Relaxation &amp; Wellness<\/h3>\n\n\n\n<ul class=\"wp-block-list\">\n<li>Private electric sauna, washroom with two showers<\/li>\n\n\n\n<li>Indoor toilet and eco-friendly composting toilet<\/li>\n\n\n\n<li>Water from a private drilled well<\/li>\n<\/ul>\n\n\n\n<h3 class=\"wp-block-heading\">Peaceful shoreline<\/h3>\n\n\n\n<ul class=\"wp-block-list\">\n<li>Only 30 meters to the shoreline<\/li>\n\n\n\n<li>Solid dock and lakeside patio with 4-person table set<\/li>\n\n\n\n<li>Sandy beach, boardwalk access, rowing boat<\/li>\n\n\n\n<li>Multiple life jackets in various sizes<\/li>\n<\/ul>\n\n\n\n<h3 class=\"wp-block-heading\">Outdoor Cooking &amp; Recreation<\/h3>\n\n\n\n<ul class=\"wp-block-list\">\n<li>Campfire area with grill grate, pancake\/wok pan, and smoker box<\/li>\n\n\n\n<li>Separate smoke oven<\/li>\n\n\n\n<li>Firewood provided<\/li>\n<\/ul>\n\n\n\n<h3 class=\"wp-block-heading\">New grill hut (2023)<\/h3>\n\n\n\n<ul class=\"wp-block-list\">\n<li>Pihassa uusi, viihtyis\u00e4 grillikota iltahetkiin<\/li>\n<\/ul>\n\n\n\n<h3 class=\"wp-block-heading\">Pet friendly<\/h3>\n\n\n\n<ul class=\"wp-block-list\">\n<li>Well-behaved pets are welcome!<\/li>\n<\/ul>\n\n\n\n<hr class=\"wp-block-separator has-alpha-channel-opacity\"\/>\n\n\n\n<h3 class=\"wp-block-heading\">Please note:<\/h3>\n\n\n\n<p>Charging of electric or hybrid vehicles, staying in motorhomes\/campervans, or bringing a hot tub to the property is allowed only with prior permission and may incur an additional fee.<\/p>\n\n\n\n<p>Nearest neighbor: 150 meters away \u2013 perfect privacy without feeling isolated<\/p>\n\n\n\n<h3 class=\"wp-block-heading\">Additional Services &amp; Activities<\/h3>\n\n\n\n<p>Make your holiday even smoother and more memorable \u2013 the following services are available for an additional fee:<\/p>\n\n\n\n<ul class=\"wp-block-list\">\n<li>Bed linen and towels<\/li>\n\n\n\n<li>Final cleaning at the end of your stay<\/li>\n\n\n\n<li>Outboard motor for the rowing boat<\/li>\n\n\n\n<li>Second boat + motor<\/li>\n\n\n\n<li>Net fishing permit for our waters<\/li>\n\n\n\n<li>Hunting permit and\/or dog training permit on the estate\u2019s own land<\/li>\n\n\n\n<li>Arctic Agency \u2013 our trusted partner \u2013 offers additional activities and experiences in the area.<\/li>\n<\/ul>\n\n\n\n<h3 class=\"wp-block-heading\">Location &amp; Distances<\/h3>\n\n\n\n<ul class=\"wp-block-list\">\n<li>Shops and a service station can be found in Ivalo<\/li>\n\n\n\n<li>Veskoniemi marina, about 4 km by boat (by water route)<\/li>\n\n\n\n<li>Boat launch also available closer by, at the northern tip of Nanguniemi<\/li>\n<\/ul>","protected":false},"excerpt":{"rendered":"<p>M\u00f6kki vaativaankin makuun kohtuuhinnalla Inarij\u00e4rvi, Nanguvuono, Nanguniemen aamuaurinkoon avautuvalla puolella sijaitseva jyhke\u00e4hirsinen hyvin varusteltu loma-asunto. M\u00f6kki on helposti saavutettavissa ja vuokrattavissa ymp\u00e4ri vuoden. Hyv\u00e4 tieyhteys takaa perille p\u00e4\u00e4syn kaikkina vuodenaikoina,&hellip;<\/p>","protected":false},"author":1,"featured_media":21,"parent":0,"menu_order":0,"comment_status":"closed","ping_status":"closed","template":"","meta":{"footnotes":""},"class_list":["post-20","page","type-page","status-publish","has-post-thumbnail","hentry"],"_links":{"self":[{"href":"https:\/\/www.aamunkoi.com\/en\/wp-json\/wp\/v2\/pages\/20","targetHints":{"allow":["GET"]}}],"collection":[{"href":"https:\/\/www.aamunkoi.com\/en\/wp-json\/wp\/v2\/pages"}],"about":[{"href":"https:\/\/www.aamunkoi.com\/en\/wp-json\/wp\/v2\/types\/page"}],"author":[{"embeddable":true,"href":"https:\/\/www.aamunkoi.com\/en\/wp-json\/wp\/v2\/users\/1"}],"replies":[{"embeddable":true,"href":"https:\/\/www.aamunkoi.com\/en\/wp-json\/wp\/v2\/comments?post=20"}],"version-history":[{"count":3,"href":"https:\/\/www.aamunkoi.com\/en\/wp-json\/wp\/v2\/pages\/20\/revisions"}],"predecessor-version":[{"id":101,"href":"https:\/\/www.aamunkoi.com\/en\/wp-json\/wp\/v2\/pages\/20\/revisions\/101"}],"wp:featuredmedia":[{"embeddable":true,"href":"https:\/\/www.aamunkoi.com\/en\/wp-json\/wp\/v2\/media\/21"}],"wp:attachment":[{"href":"https:\/\/www.aamunkoi.com\/en\/wp-json\/wp\/v2\/media?parent=20"}],"curies":[{"name":"wp","href":"https:\/\/api.w.org\/{rel}","templated":true}]}}