{"id":13,"date":"2025-08-11T10:23:50","date_gmt":"2025-08-11T10:23:50","guid":{"rendered":"https:\/\/www.aamunkoi.com\/?page_id=13"},"modified":"2026-01-28T08:56:29","modified_gmt":"2026-01-28T08:56:29","slug":"vuokrattava-lomamokki-inarinjarvella","status":"publish","type":"page","link":"https:\/\/www.aamunkoi.com\/en\/","title":{"rendered":"Vuokrattava lomam\u00f6kki Inarinj\u00e4rvell\u00e4"},"content":{"rendered":"<h2 class=\"wp-block-heading has-text-align-center\">Rental cottage on Lake Inari, Inari - Ivalo<\/h2>\n\n\n\n<h4 class=\"wp-block-heading has-text-align-center\">Experience the beauty of Lapland in summer and winter<\/h4>\n\n\n\n<div class=\"wp-block-columns is-layout-flex wp-container-core-columns-is-layout-9d6595d7 wp-block-columns-is-layout-flex\">\n<div class=\"wp-block-column is-layout-flow wp-block-column-is-layout-flow\" style=\"flex-basis:33.33%\">\n<figure class=\"wp-block-image size-full\"><img loading=\"lazy\" decoding=\"async\" width=\"922\" height=\"615\" src=\"https:\/\/www.aamunkoi.com\/wp-content\/uploads\/2025\/08\/Northern-lights-Aamunkoi-by-Georg-Keller-edit.jpg\" alt=\"\" class=\"wp-image-14\" srcset=\"https:\/\/www.aamunkoi.com\/wp-content\/uploads\/2025\/08\/Northern-lights-Aamunkoi-by-Georg-Keller-edit.jpg 922w, https:\/\/www.aamunkoi.com\/wp-content\/uploads\/2025\/08\/Northern-lights-Aamunkoi-by-Georg-Keller-edit-300x200.jpg 300w, https:\/\/www.aamunkoi.com\/wp-content\/uploads\/2025\/08\/Northern-lights-Aamunkoi-by-Georg-Keller-edit-768x512.jpg 768w\" sizes=\"auto, (max-width: 922px) 100vw, 922px\" \/><\/figure>\n<\/div>\n\n\n\n<div class=\"wp-block-column is-layout-flow wp-block-column-is-layout-flow\" style=\"flex-basis:66.66%\">\n<p>Welcome to Aamunkoi \u2013 on the shores of Lake Inari, where the magic of Lapland awakens all your senses.\nYour morning may begin with a boat gliding across the calm water or the cast of a fishing line \u2013 in these crystal-clear waters live trout, grayling, and whitefish. Spend the day outdoors: hike through ancient forests, paddle across ruggedly beautiful open waters, or pause at a campfire to enjoy the silence and the warmth of the flames.\nEnd the evening with a traditional sauna, where gentle steam and a refreshing dip in the lake will soothe both body and soul.<\/p>\n\n\n\n<h4 class=\"wp-block-heading\">Aamunkoi is more than just an accommodation \u2013 it is a gateway to the nature of Lapland and the unforgettable experiences it offers.<\/h4>\n<\/div>\n<\/div>\n\n\n\n<h2 class=\"wp-block-heading\">What our guests are saying:<\/h2>\n\n\n\n<div class=\"wp-block-group is-vertical is-layout-flex wp-container-core-group-is-layout-8cf370e7 wp-block-group-is-layout-flex\">\n<blockquote class=\"wp-block-quote is-layout-flow wp-block-quote-is-layout-flow\">\n<p>What a wonderful cabin, and in such a beautiful place. Highly recommended.<\/p>\n\n\n\n<p class=\"has-text-align-left\"><strong>Aapo 04\/2025<\/strong><\/p>\n<\/blockquote>\n\n\n\n<blockquote class=\"wp-block-quote is-layout-flow wp-block-quote-is-layout-flow\">\n<p>In every way a wonderful holiday. Great cabin, well equipped. It has my recommendation.<\/p>\n\n\n\n<p><strong>Liisa 04\/2025<\/strong><\/p>\n<\/blockquote>\n\n\n\n<blockquote class=\"wp-block-quote is-layout-flow wp-block-quote-is-layout-flow\">\n<p>The cottage was clean and in a great location. Everything needed was there. I will be returning. The opportunity to rent a boat was also a big plus. Recommended.<\/p>\n\n\n\n<p><strong>Janne 06\/2024<\/strong><\/p>\n<\/blockquote>\n\n\n\n<blockquote class=\"wp-block-quote is-layout-flow wp-block-quote-is-layout-flow\">\n<p>Gorgeous cabin in a beautiful and quiet setting. I recommend it.<\/p>\n\n\n\n<p><strong>Markus 05\/2024<\/strong><\/p>\n<\/blockquote>\n<\/div>\n\n\n\n<p><\/p>","protected":false},"excerpt":{"rendered":"<p>Vuokram\u00f6kki Inarij\u00e4rvi, Inari &#8211; Ivalo Koe Lapin kauneutta kes\u00e4ll\u00e4 ja talvella Tervetuloa Aamunkoihin, Inarinj\u00e4rven rannalle, miss\u00e4 Lapin taika avautuu kaikille aisteille. Aamu alkaa j\u00e4rven tyynt\u00e4 pintaa halkovalla veneell\u00e4 tai kalastajan&hellip;<\/p>","protected":false},"author":1,"featured_media":15,"parent":0,"menu_order":0,"comment_status":"closed","ping_status":"closed","template":"","meta":{"footnotes":""},"class_list":["post-13","page","type-page","status-publish","has-post-thumbnail","hentry"],"_links":{"self":[{"href":"https:\/\/www.aamunkoi.com\/en\/wp-json\/wp\/v2\/pages\/13","targetHints":{"allow":["GET"]}}],"collection":[{"href":"https:\/\/www.aamunkoi.com\/en\/wp-json\/wp\/v2\/pages"}],"about":[{"href":"https:\/\/www.aamunkoi.com\/en\/wp-json\/wp\/v2\/types\/page"}],"author":[{"embeddable":true,"href":"https:\/\/www.aamunkoi.com\/en\/wp-json\/wp\/v2\/users\/1"}],"replies":[{"embeddable":true,"href":"https:\/\/www.aamunkoi.com\/en\/wp-json\/wp\/v2\/comments?post=13"}],"version-history":[{"count":3,"href":"https:\/\/www.aamunkoi.com\/en\/wp-json\/wp\/v2\/pages\/13\/revisions"}],"predecessor-version":[{"id":111,"href":"https:\/\/www.aamunkoi.com\/en\/wp-json\/wp\/v2\/pages\/13\/revisions\/111"}],"wp:featuredmedia":[{"embeddable":true,"href":"https:\/\/www.aamunkoi.com\/en\/wp-json\/wp\/v2\/media\/15"}],"wp:attachment":[{"href":"https:\/\/www.aamunkoi.com\/en\/wp-json\/wp\/v2\/media?parent=13"}],"curies":[{"name":"wp","href":"https:\/\/api.w.org\/{rel}","templated":true}]}}